{"id":134,"date":"2019-09-02T21:18:03","date_gmt":"2019-09-02T19:18:03","guid":{"rendered":"https:\/\/coutauvergne.com\/site\/produit\/le-saint-louis-version-xl-mat\/"},"modified":"2019-09-02T21:18:03","modified_gmt":"2019-09-02T19:18:03","slug":"le-saint-louis-version-xl-mat","status":"publish","type":"product","link":"https:\/\/coutauvergne.com\/site\/produit\/le-saint-louis-version-xl-mat\/","title":{"rendered":"Le Saint Louis Version XL MAT"},"content":{"rendered":"<p style=\"text-align:justify;\">Il vous apportera satisfaction pour vos <strong>ap\u00e9ritifs<\/strong>, pour votre <strong>table<\/strong> (pour les pi\u00e8ces de viandes, les hamburgers, les g\u00e2teaux&#8230;) ou pour vos <strong>plateaux<\/strong> (fromage, charcuterie,&#8230;). Il sera votre alli\u00e9 pour tous vos instants de convivialit\u00e9 en famille ou entre amis.<\/p>\n<p>Il est adapt\u00e9 et tr\u00e8s r\u00e9sistant au passage en lave-vaisselle. Il est dot\u00e9 de la <a href=\"http:\/\/coutauvergne.com\/content\/8-micro-denture-haute-performance\"><strong>Micro-denture Haute Performance<\/strong><\/a> alliant tranchant exceptionnel et durabilit\u00e9.<\/p>\n<p>Il vous est propos\u00e9 en version brillante, plus traditionnelle, ou en version mate, plus conviviale et moderne. Il existe en coffrets de 1 ou 2 pi\u00e8ces.<\/p>\n<p>Longueur\u00a0: 26 cm<br \/>Poids\u00a0: 104 grammes<\/p>\n<p><strong>Con\u00e7u et Fabriqu\u00e9 \u00e0 Thiers<\/strong>. Emballage 100% recyclable, z\u00e9ro plastique.<\/p>\n","protected":false},"excerpt":{"rendered":"<div id=\"product-description-short-37\">\n<p style=\"text-align:justify;\">Comme son petit fr\u00e8re, le<strong> Saint Louis XL<\/strong> a \u00e9t\u00e9 con\u00e7u et d\u00e9velopp\u00e9 pour allier esth\u00e9tique et confort d&rsquo;utilisation. Le diam\u00e8tre plus important de son manche et sa lame XL vous offrent une <strong>grande polyvalence<\/strong>.<\/p>\n<p style=\"text-align:justify;\">Il peut \u00eatre employ\u00e9 comme couteau de table mais pas uniquement&#8230;<\/p>\n<\/p><\/div>\n","protected":false},"featured_media":129,"comment_status":"open","ping_status":"closed","template":"","meta":[],"product_cat":[25],"product_tag":[49,34,50,47,48,27,29,52,51,53],"class_list":["post-134","product","type-product","status-publish","has-post-thumbnail","hentry","product_cat-les-couteaux-de-table","product_tag-apero","product_tag-brillant","product_tag-fromage","product_tag-grande-lame","product_tag-polyvalent","product_tag-saint-louis","product_tag-table","product_tag-version-xl","product_tag-viande","product_tag-xl"],"_links":{"self":[{"href":"https:\/\/coutauvergne.com\/site\/wp-json\/wp\/v2\/product\/134","targetHints":{"allow":["GET"]}}],"collection":[{"href":"https:\/\/coutauvergne.com\/site\/wp-json\/wp\/v2\/product"}],"about":[{"href":"https:\/\/coutauvergne.com\/site\/wp-json\/wp\/v2\/types\/product"}],"replies":[{"embeddable":true,"href":"https:\/\/coutauvergne.com\/site\/wp-json\/wp\/v2\/comments?post=134"}],"version-history":[{"count":0,"href":"https:\/\/coutauvergne.com\/site\/wp-json\/wp\/v2\/product\/134\/revisions"}],"wp:featuredmedia":[{"embeddable":true,"href":"https:\/\/coutauvergne.com\/site\/wp-json\/wp\/v2\/media\/129"}],"wp:attachment":[{"href":"https:\/\/coutauvergne.com\/site\/wp-json\/wp\/v2\/media?parent=134"}],"wp:term":[{"taxonomy":"product_cat","embeddable":true,"href":"https:\/\/coutauvergne.com\/site\/wp-json\/wp\/v2\/product_cat?post=134"},{"taxonomy":"product_tag","embeddable":true,"href":"https:\/\/coutauvergne.com\/site\/wp-json\/wp\/v2\/product_tag?post=134"}],"curies":[{"name":"wp","href":"https:\/\/api.w.org\/{rel}","templated":true}]}}