{"id":141,"date":"2019-10-21T18:29:05","date_gmt":"2019-10-21T16:29:05","guid":{"rendered":"https:\/\/coutauvergne.com\/site\/produit\/bloc-magnetique-hetre-verni\/"},"modified":"2019-10-21T18:29:05","modified_gmt":"2019-10-21T16:29:05","slug":"bloc-magnetique-hetre-verni","status":"publish","type":"product","link":"https:\/\/coutauvergne.com\/site\/produit\/bloc-magnetique-hetre-verni\/","title":{"rendered":"Bloc magn\u00e9tique h\u00eatre verni"},"content":{"rendered":"<p style=\"text-align:justify;\">Ce bloc est constitu\u00e9 de h\u00eatre massif verni et de 6 aimants puissant de haute qualit\u00e9. Il vous permettra de disposer de mani\u00e8re \u00e9l\u00e9gante et tr\u00e8s facilement vos couteaux de table sur votre plan de travail par exemple.<\/p>\n<p style=\"text-align:justify;\">Longueur : 22cm<\/p>\n<p style=\"text-align:justify;\">Largeur : 7.5cm<\/p>\n<p>Hauteur : 11.5cm<\/p>\n<p>Poids : 380gr<\/p>\n<p>Fabriqu\u00e9 \u00e0 Chabreloche (63) par une entreprise artisanale.<\/p>\n","protected":false},"excerpt":{"rendered":"<p>Rangez facilement et mettez en valeur vos couteaux gr\u00e2ce \u00e0 ce support magn\u00e9tique en h\u00eatre verni.<\/p>\n<p>Livr\u00e9 sans couteau.<\/p>\n","protected":false},"featured_media":138,"comment_status":"open","ping_status":"closed","template":"","meta":[],"product_cat":[25],"product_tag":[],"class_list":["post-141","product","type-product","status-publish","has-post-thumbnail","hentry","product_cat-les-couteaux-de-table"],"_links":{"self":[{"href":"https:\/\/coutauvergne.com\/site\/wp-json\/wp\/v2\/product\/141","targetHints":{"allow":["GET"]}}],"collection":[{"href":"https:\/\/coutauvergne.com\/site\/wp-json\/wp\/v2\/product"}],"about":[{"href":"https:\/\/coutauvergne.com\/site\/wp-json\/wp\/v2\/types\/product"}],"replies":[{"embeddable":true,"href":"https:\/\/coutauvergne.com\/site\/wp-json\/wp\/v2\/comments?post=141"}],"version-history":[{"count":0,"href":"https:\/\/coutauvergne.com\/site\/wp-json\/wp\/v2\/product\/141\/revisions"}],"wp:featuredmedia":[{"embeddable":true,"href":"https:\/\/coutauvergne.com\/site\/wp-json\/wp\/v2\/media\/138"}],"wp:attachment":[{"href":"https:\/\/coutauvergne.com\/site\/wp-json\/wp\/v2\/media?parent=141"}],"wp:term":[{"taxonomy":"product_cat","embeddable":true,"href":"https:\/\/coutauvergne.com\/site\/wp-json\/wp\/v2\/product_cat?post=141"},{"taxonomy":"product_tag","embeddable":true,"href":"https:\/\/coutauvergne.com\/site\/wp-json\/wp\/v2\/product_tag?post=141"}],"curies":[{"name":"wp","href":"https:\/\/api.w.org\/{rel}","templated":true}]}}