{"id":173,"date":"2019-10-24T10:39:12","date_gmt":"2019-10-24T08:39:12","guid":{"rendered":"https:\/\/coutauvergne.com\/site\/produit\/le-saint-louis-pro\/"},"modified":"2019-10-24T10:39:12","modified_gmt":"2019-10-24T08:39:12","slug":"le-saint-louis-pro","status":"publish","type":"product","link":"https:\/\/coutauvergne.com\/site\/produit\/le-saint-louis-pro\/","title":{"rendered":"Le Saint Louis Pro"},"content":{"rendered":"","protected":false},"excerpt":{"rendered":"<p style=\"text-align:justify;\">Nous vous proposons ici le <strong>Saint Louis<\/strong> dans sa version professionnelle. <strong>Simple<\/strong>, <strong>tr\u00e8s \u00e9conomique et tr\u00e8s performant<\/strong>, il remplit la fonction de couteau de service mais \u00e9galement de couteau \u00e0 viande ce qui \u00e9vite d&rsquo;avoir deux jeux en salle.<\/p>\n<p style=\"text-align:justify;\"><strong>Le meilleur rapport qualit\u00e9\/prix du march\u00e8!<\/strong><\/p>\n<p style=\"text-align:justify;\">Dans cette version professionnelle, la finition est bross\u00e9e pour r\u00e9duire l&rsquo;impact des passages au lave vaisselle.<strong><br \/><\/strong><\/p>\n<p style=\"text-align:justify;\">Il est dot\u00e9 de la <a href=\"http:\/\/coutauvergne.com\/content\/8-micro-denture-haute-performance\"><strong>Micro-denture Haute Performance<\/strong><\/a> et b\u00e9n\u00e9ficie de la garantie 2 ans Cout&rsquo;Auvergne. Il est \u00e9ligible au <a href=\"https:\/\/coutauvergne.com\/content\/7-le-service-r\">Service R<\/a><\/p>\n<p style=\"text-align:justify;\">Son ergonomie, sa qualit\u00e9 de coupe et sa long\u00e9vit\u00e9 apporteront un vrai plus \u00e0 votre \u00e9tablissement et \u00e0 vos clients.<\/p>\n<p style=\"text-align:justify;\">Si vous le souhaitez nous proposons plusieurs possibilit\u00e9s de\u00a0<a href=\"http:\/\/coutauvergne.com\/nous-contacter\">personnalisation<\/a>.<\/p>\n<p style=\"text-align:justify;\"><strong>Un doute ? <a href=\"https:\/\/coutauvergne.com\/espace-professionnel\/54-649-echantillon.html#\/\">Commandez vos \u00e9chantillons<\/a><\/strong><a href=\"https:\/\/coutauvergne.com\/espace-professionnel\/54-649-echantillon.html#\/\"><strong><br \/><\/strong><\/a><\/p>\n","protected":false},"featured_media":171,"comment_status":"open","ping_status":"closed","template":"","meta":[],"product_cat":[24],"product_tag":[],"class_list":["post-173","product","type-product","status-publish","has-post-thumbnail","hentry","product_cat-espace-professionnel"],"_links":{"self":[{"href":"https:\/\/coutauvergne.com\/site\/wp-json\/wp\/v2\/product\/173","targetHints":{"allow":["GET"]}}],"collection":[{"href":"https:\/\/coutauvergne.com\/site\/wp-json\/wp\/v2\/product"}],"about":[{"href":"https:\/\/coutauvergne.com\/site\/wp-json\/wp\/v2\/types\/product"}],"replies":[{"embeddable":true,"href":"https:\/\/coutauvergne.com\/site\/wp-json\/wp\/v2\/comments?post=173"}],"version-history":[{"count":0,"href":"https:\/\/coutauvergne.com\/site\/wp-json\/wp\/v2\/product\/173\/revisions"}],"wp:featuredmedia":[{"embeddable":true,"href":"https:\/\/coutauvergne.com\/site\/wp-json\/wp\/v2\/media\/171"}],"wp:attachment":[{"href":"https:\/\/coutauvergne.com\/site\/wp-json\/wp\/v2\/media?parent=173"}],"wp:term":[{"taxonomy":"product_cat","embeddable":true,"href":"https:\/\/coutauvergne.com\/site\/wp-json\/wp\/v2\/product_cat?post=173"},{"taxonomy":"product_tag","embeddable":true,"href":"https:\/\/coutauvergne.com\/site\/wp-json\/wp\/v2\/product_tag?post=173"}],"curies":[{"name":"wp","href":"https:\/\/api.w.org\/{rel}","templated":true}]}}