{"id":177,"date":"2019-10-24T11:22:36","date_gmt":"2019-10-24T09:22:36","guid":{"rendered":"https:\/\/coutauvergne.com\/site\/produit\/le-thiers-pro-brosse\/"},"modified":"2019-10-24T11:22:36","modified_gmt":"2019-10-24T09:22:36","slug":"le-thiers-pro-brosse","status":"publish","type":"product","link":"https:\/\/coutauvergne.com\/site\/produit\/le-thiers-pro-brosse\/","title":{"rendered":"LE THIERS\u00ae Pro Bross\u00e9"},"content":{"rendered":"","protected":false},"excerpt":{"rendered":"<p style=\"text-align:justify;\">Nous vous proposons ici le <strong>LE THIERS\u00ae <\/strong>par Jean Beauvoir dans sa version professionnelle. <strong>\u00c9l\u00e9gant<\/strong>,<strong> \u00e9conomique et performant<\/strong>, il rempli la fonction de couteau de service mais \u00e9galement de couteau \u00e0 viande.<\/p>\n<p style=\"text-align:justify;\">Dans cette version professionnelle, la finition est bross\u00e9e pour r\u00e9duire l&rsquo;impact des passages au lave vaisselle. <strong><br \/><\/strong><\/p>\n<p style=\"text-align:justify;\">Il est dot\u00e9 de la <a href=\"http:\/\/coutauvergne.com\/content\/8-micro-denture-haute-performance\"><strong>Micro-denture Haute Performance<\/strong><\/a> et b\u00e9n\u00e9ficie de la garantie 2 ans Cout&rsquo;Auvergne. \u00c9ligible au <a href=\"https:\/\/coutauvergne.com\/content\/7-le-service-r\">Service R<\/a>.<\/p>\n<p style=\"text-align:justify;\">Son design, sa qualit\u00e9 de coupe et sa long\u00e9vit\u00e9 apportera un vrai plus \u00e0 votre \u00e9tablissement et \u00e0 vos clients.<\/p>\n<p style=\"text-align:justify;\">Si vous le souhaitez nous proposons plusieurs possibilit\u00e9s de\u00a0<a href=\"http:\/\/coutauvergne.com\/nous-contacter\">personnalisation<\/a> pour ce couteau.<\/p>\n<p><strong>Un doute ? <a href=\"https:\/\/coutauvergne.com\/espace-professionnel\/54-649-echantillon.html#\/\">Commandez vos \u00e9chantillons<\/a><\/strong><strong><\/strong><\/p>\n","protected":false},"featured_media":174,"comment_status":"open","ping_status":"closed","template":"","meta":[],"product_cat":[24],"product_tag":[],"class_list":["post-177","product","type-product","status-publish","has-post-thumbnail","hentry","product_cat-espace-professionnel"],"_links":{"self":[{"href":"https:\/\/coutauvergne.com\/site\/wp-json\/wp\/v2\/product\/177","targetHints":{"allow":["GET"]}}],"collection":[{"href":"https:\/\/coutauvergne.com\/site\/wp-json\/wp\/v2\/product"}],"about":[{"href":"https:\/\/coutauvergne.com\/site\/wp-json\/wp\/v2\/types\/product"}],"replies":[{"embeddable":true,"href":"https:\/\/coutauvergne.com\/site\/wp-json\/wp\/v2\/comments?post=177"}],"version-history":[{"count":0,"href":"https:\/\/coutauvergne.com\/site\/wp-json\/wp\/v2\/product\/177\/revisions"}],"wp:featuredmedia":[{"embeddable":true,"href":"https:\/\/coutauvergne.com\/site\/wp-json\/wp\/v2\/media\/174"}],"wp:attachment":[{"href":"https:\/\/coutauvergne.com\/site\/wp-json\/wp\/v2\/media?parent=177"}],"wp:term":[{"taxonomy":"product_cat","embeddable":true,"href":"https:\/\/coutauvergne.com\/site\/wp-json\/wp\/v2\/product_cat?post=177"},{"taxonomy":"product_tag","embeddable":true,"href":"https:\/\/coutauvergne.com\/site\/wp-json\/wp\/v2\/product_tag?post=177"}],"curies":[{"name":"wp","href":"https:\/\/api.w.org\/{rel}","templated":true}]}}