{"id":182,"date":"2020-03-04T22:13:35","date_gmt":"2020-03-04T21:13:35","guid":{"rendered":"https:\/\/coutauvergne.com\/site\/produit\/echantillon\/"},"modified":"2024-06-27T12:40:33","modified_gmt":"2024-06-27T10:40:33","slug":"echantillon","status":"publish","type":"product","link":"https:\/\/coutauvergne.com\/site\/produit\/echantillon\/","title":{"rendered":"Echantillon"},"content":{"rendered":"","protected":false},"excerpt":{"rendered":"<p>Le service \u00e9chantillon permet de tester la qualit\u00e9 et l&rsquo;esth\u00e9tique de nos produits. Le prix indiqu\u00e9 inclut 2 couteaux de la r\u00e9f\u00e9rence s\u00e9lectionn\u00e9e, l&#8217;emballage et le transport.<\/p>\n<p><strong>Les \u00e9chantillons sont rembours\u00e9s en cas de retour ou offert en cas de commande<\/strong> sup\u00e9rieure \u00e0 40 exemplaires (mod\u00e8le au choix).<\/p>\n","protected":false},"featured_media":181,"comment_status":"open","ping_status":"closed","template":"","meta":[],"product_cat":[24],"product_tag":[],"class_list":["post-182","product","type-product","status-publish","has-post-thumbnail","hentry","product_cat-espace-professionnel"],"_links":{"self":[{"href":"https:\/\/coutauvergne.com\/site\/wp-json\/wp\/v2\/product\/182","targetHints":{"allow":["GET"]}}],"collection":[{"href":"https:\/\/coutauvergne.com\/site\/wp-json\/wp\/v2\/product"}],"about":[{"href":"https:\/\/coutauvergne.com\/site\/wp-json\/wp\/v2\/types\/product"}],"replies":[{"embeddable":true,"href":"https:\/\/coutauvergne.com\/site\/wp-json\/wp\/v2\/comments?post=182"}],"version-history":[{"count":0,"href":"https:\/\/coutauvergne.com\/site\/wp-json\/wp\/v2\/product\/182\/revisions"}],"wp:featuredmedia":[{"embeddable":true,"href":"https:\/\/coutauvergne.com\/site\/wp-json\/wp\/v2\/media\/181"}],"wp:attachment":[{"href":"https:\/\/coutauvergne.com\/site\/wp-json\/wp\/v2\/media?parent=182"}],"wp:term":[{"taxonomy":"product_cat","embeddable":true,"href":"https:\/\/coutauvergne.com\/site\/wp-json\/wp\/v2\/product_cat?post=182"},{"taxonomy":"product_tag","embeddable":true,"href":"https:\/\/coutauvergne.com\/site\/wp-json\/wp\/v2\/product_tag?post=182"}],"curies":[{"name":"wp","href":"https:\/\/api.w.org\/{rel}","templated":true}]}}