{"id":184,"date":"2020-03-04T23:03:53","date_gmt":"2020-03-04T22:03:53","guid":{"rendered":"https:\/\/coutauvergne.com\/site\/produit\/service-r-echange-standard\/"},"modified":"2020-03-04T23:03:53","modified_gmt":"2020-03-04T22:03:53","slug":"service-r-echange-standard","status":"publish","type":"product","link":"https:\/\/coutauvergne.com\/site\/produit\/service-r-echange-standard\/","title":{"rendered":"Service R \u00ab\u00a0Echange Standard\u00a0\u00bb"},"content":{"rendered":"","protected":false},"excerpt":{"rendered":"<p>Service R \u00ab\u00a0\u00c9change Standard\u00a0\u00bb est la solution <strong>la plus simple, la plus rapide et la plus \u00e9conomique<\/strong>.<\/p>\n<p>En effet, il vous suffit d&rsquo;indiquer le nombre de couteau que vous souhaitez remplacer.<\/p>\n<p>1- Vous recevrez sous 48\/72h des couteaux que nous avons d\u00e9j\u00e0 remis \u00e0 neuf.<\/p>\n<p>2- Vous remplacez les couteaux refait par les couteaux qui ont besoin d&rsquo;\u00eatre refait<\/p>\n<p>3- Vous refermez le colis, nous \u00e9mettons la demande d\u2019enl\u00e8vement. C&rsquo;est fini!<\/p>\n<p>Le prix indiqu\u00e9 inclut les frais de transport retour.<\/p>\n<p>La quantit\u00e9 minimum est de 30pi\u00e8ces.<\/p>\n<p>Le nombre de couteau que vous commandez doit \u00eatre \u00e9gal au nombre de couteau que vous nous renvoyer.<\/p>\n<p>Dans le cas contraire, une consigne de 1,10\u20acHT par couteau manquant vous sera factur\u00e9e.<\/p>\n","protected":false},"featured_media":183,"comment_status":"open","ping_status":"closed","template":"","meta":[],"product_cat":[24],"product_tag":[],"class_list":["post-184","product","type-product","status-publish","has-post-thumbnail","hentry","product_cat-espace-professionnel"],"_links":{"self":[{"href":"https:\/\/coutauvergne.com\/site\/wp-json\/wp\/v2\/product\/184","targetHints":{"allow":["GET"]}}],"collection":[{"href":"https:\/\/coutauvergne.com\/site\/wp-json\/wp\/v2\/product"}],"about":[{"href":"https:\/\/coutauvergne.com\/site\/wp-json\/wp\/v2\/types\/product"}],"replies":[{"embeddable":true,"href":"https:\/\/coutauvergne.com\/site\/wp-json\/wp\/v2\/comments?post=184"}],"version-history":[{"count":0,"href":"https:\/\/coutauvergne.com\/site\/wp-json\/wp\/v2\/product\/184\/revisions"}],"wp:featuredmedia":[{"embeddable":true,"href":"https:\/\/coutauvergne.com\/site\/wp-json\/wp\/v2\/media\/183"}],"wp:attachment":[{"href":"https:\/\/coutauvergne.com\/site\/wp-json\/wp\/v2\/media?parent=184"}],"wp:term":[{"taxonomy":"product_cat","embeddable":true,"href":"https:\/\/coutauvergne.com\/site\/wp-json\/wp\/v2\/product_cat?post=184"},{"taxonomy":"product_tag","embeddable":true,"href":"https:\/\/coutauvergne.com\/site\/wp-json\/wp\/v2\/product_tag?post=184"}],"curies":[{"name":"wp","href":"https:\/\/api.w.org\/{rel}","templated":true}]}}