{"id":78,"date":"2019-09-01T17:46:07","date_gmt":"2019-09-01T15:46:07","guid":{"rendered":"https:\/\/coutauvergne.com\/site\/produit\/couteau-le-saint-louis-brillant\/"},"modified":"2019-09-01T17:46:07","modified_gmt":"2019-09-01T15:46:07","slug":"couteau-le-saint-louis-brillant","status":"publish","type":"product","link":"https:\/\/coutauvergne.com\/site\/produit\/couteau-le-saint-louis-brillant\/","title":{"rendered":"Coffret Couteau Le Saint Louis brillant"},"content":{"rendered":"<p>Le Saint Louis est un monobloc en acier inoxydable lui permettant d&rsquo;\u00eatre adapt\u00e9 et tr\u00e8s r\u00e9sistant au passage en lave-vaisselle. Il est dot\u00e9 d&rsquo;une\u00a0<a href=\"http:\/\/coutauvergne.com\/content\/8-micro-denture-haute-performance\">Micro-denture Haute Performance<\/a> alliant tranchant exceptionnel et durabilit\u00e9.<\/p>\n<p>Ces caract\u00e9ristiques en font un couteau particuli\u00e8rement appr\u00e9ci\u00e9 des professionnels de la restauration.<\/p>\n<\/p>\n<p>Il existe dans cette finition brillante (l\u00e9g\u00e8rement bross\u00e9e) et dans une finition MATE (exclusivit\u00e9 Cout&rsquo;Auvergne).<\/p>\n<p>Le Saint Louis Brillant vous est propos\u00e9 en coffrets de 4 ou 6 couteaux mais \u00e9galement \u00e0 l&rsquo;unit\u00e9 dans sa d\u00e9clinaison sans emballage, ni marquage.<\/p>\n<\/p>\n<p>Longueur : 22,7 cm.<\/p>\n<p>Poids : 83 grammes.<\/p>\n<\/p>\n<p>\u00c9ligible\u00a0pour le <a href=\"http:\/\/coutauvergne.com\/content\/7-reconditionnement\">Reconditionnement<\/a><\/p>\n<\/p>\n<p>Con\u00e7u et Fabriqu\u00e9 \u00e0 Thiers. Emballage 100% recyclable, z\u00e9ro plastique.\u00a0<\/p>\n","protected":false},"excerpt":{"rendered":"<p style=\"text-align:justify;\"><strong>Le Saint Louis Brillant<\/strong> est un classique de la coutellerie pl\u00e9biscit\u00e9 pour ses lignes sobres et ergonomiques. Il est reconnu pour son <strong>confort d&rsquo;utilisation<\/strong> et sa prise en main intuitive qui en font ses points forts. Il est id\u00e9al pour un usage quotidien ou pour dresser une table \u00e9l\u00e9gante et soign\u00e9e.<\/p>\n","protected":false},"featured_media":72,"comment_status":"open","ping_status":"closed","template":"","meta":[],"product_cat":[25],"product_tag":[30,28,27,29],"class_list":["post-78","product","type-product","status-publish","has-post-thumbnail","hentry","product_cat-les-couteaux-de-table","product_tag-couteau","product_tag-louis","product_tag-saint-louis","product_tag-table"],"_links":{"self":[{"href":"https:\/\/coutauvergne.com\/site\/wp-json\/wp\/v2\/product\/78","targetHints":{"allow":["GET"]}}],"collection":[{"href":"https:\/\/coutauvergne.com\/site\/wp-json\/wp\/v2\/product"}],"about":[{"href":"https:\/\/coutauvergne.com\/site\/wp-json\/wp\/v2\/types\/product"}],"replies":[{"embeddable":true,"href":"https:\/\/coutauvergne.com\/site\/wp-json\/wp\/v2\/comments?post=78"}],"version-history":[{"count":0,"href":"https:\/\/coutauvergne.com\/site\/wp-json\/wp\/v2\/product\/78\/revisions"}],"wp:featuredmedia":[{"embeddable":true,"href":"https:\/\/coutauvergne.com\/site\/wp-json\/wp\/v2\/media\/72"}],"wp:attachment":[{"href":"https:\/\/coutauvergne.com\/site\/wp-json\/wp\/v2\/media?parent=78"}],"wp:term":[{"taxonomy":"product_cat","embeddable":true,"href":"https:\/\/coutauvergne.com\/site\/wp-json\/wp\/v2\/product_cat?post=78"},{"taxonomy":"product_tag","embeddable":true,"href":"https:\/\/coutauvergne.com\/site\/wp-json\/wp\/v2\/product_tag?post=78"}],"curies":[{"name":"wp","href":"https:\/\/api.w.org\/{rel}","templated":true}]}}