{"id":85,"date":"2019-09-02T12:02:47","date_gmt":"2019-09-02T10:02:47","guid":{"rendered":"https:\/\/coutauvergne.com\/site\/produit\/couteau-le-saint-louis-mat\/"},"modified":"2019-09-02T12:02:47","modified_gmt":"2019-09-02T10:02:47","slug":"couteau-le-saint-louis-mat","status":"publish","type":"product","link":"https:\/\/coutauvergne.com\/site\/produit\/couteau-le-saint-louis-mat\/","title":{"rendered":"Le Saint Louis MAT"},"content":{"rendered":"<p style=\"text-align:justify;\">Le Saint Louis est un monobloc en acier inoxydable lui permettant d&rsquo;\u00eatre adapt\u00e9 et tr\u00e8s r\u00e9sistant au passage en lave-vaisselle. Il est dot\u00e9 d&rsquo;une\u00a0<a href=\"http:\/\/coutauvergne.com\/content\/8-micro-denture-haute-performance\">Micro-denture Haute Performance<\/a> alliant tranchant exceptionnel et durabilit\u00e9.<\/p>\n<p><strong>La Finition Mate<\/strong> est obtenue par sablage vous procurant une <strong>exp\u00e9rience visuelle et tactile innovante<\/strong>. Elle est aussi durable que le couteau et<strong> tr\u00e8s r\u00e9sistante<\/strong> \u00e0 l&rsquo;usure.<\/p>\n<p>Le Saint Louis MAT vous est propos\u00e9 en coffret de 4 ou 6 couteaux.<br \/>Il existe en finition Mate et en finition Brillante.<\/p>\n<p>Longueur\u00a0: 22,7 cm.<br \/>Poids\u00a0: 83 grammes.<\/p>\n<p>\u00c9ligible pour le <a href=\"http:\/\/coutauvergne.com\/content\/7-reconditionnement\">Reconditionnement<\/a><\/p>\n<p>Con\u00e7u et Fabriqu\u00e9 \u00e0 Thiers. Emballage 100% recyclable, z\u00e9ro plastique<\/p>\n","protected":false},"excerpt":{"rendered":"<p style=\"text-align:justify;\"><strong>Le Saint Louis Mat<\/strong> est un classique de la coutellerie pl\u00e9biscit\u00e9 pour ses lignes sobres et ergonomiques mises en valeur par la finition Mate. Il est reconnu pour son confort d&rsquo;utilisation et sa prise en main intuitive qui en font ses points forts. Il est id\u00e9al pour un usage quotidien ou pour une <strong>table moderne et originale.<\/strong><\/p>\n","protected":false},"featured_media":79,"comment_status":"open","ping_status":"closed","template":"","meta":[],"product_cat":[21,25],"product_tag":[30,32,28,31,27,29],"class_list":["post-85","product","type-product","status-publish","has-post-thumbnail","hentry","product_cat-accueil","product_cat-les-couteaux-de-table","product_tag-couteau","product_tag-finition-mate","product_tag-louis","product_tag-mat","product_tag-saint-louis","product_tag-table"],"_links":{"self":[{"href":"https:\/\/coutauvergne.com\/site\/wp-json\/wp\/v2\/product\/85","targetHints":{"allow":["GET"]}}],"collection":[{"href":"https:\/\/coutauvergne.com\/site\/wp-json\/wp\/v2\/product"}],"about":[{"href":"https:\/\/coutauvergne.com\/site\/wp-json\/wp\/v2\/types\/product"}],"replies":[{"embeddable":true,"href":"https:\/\/coutauvergne.com\/site\/wp-json\/wp\/v2\/comments?post=85"}],"version-history":[{"count":0,"href":"https:\/\/coutauvergne.com\/site\/wp-json\/wp\/v2\/product\/85\/revisions"}],"wp:featuredmedia":[{"embeddable":true,"href":"https:\/\/coutauvergne.com\/site\/wp-json\/wp\/v2\/media\/79"}],"wp:attachment":[{"href":"https:\/\/coutauvergne.com\/site\/wp-json\/wp\/v2\/media?parent=85"}],"wp:term":[{"taxonomy":"product_cat","embeddable":true,"href":"https:\/\/coutauvergne.com\/site\/wp-json\/wp\/v2\/product_cat?post=85"},{"taxonomy":"product_tag","embeddable":true,"href":"https:\/\/coutauvergne.com\/site\/wp-json\/wp\/v2\/product_tag?post=85"}],"curies":[{"name":"wp","href":"https:\/\/api.w.org\/{rel}","templated":true}]}}