{"id":90,"date":"2019-09-02T13:58:19","date_gmt":"2019-09-02T11:58:19","guid":{"rendered":"https:\/\/coutauvergne.com\/site\/produit\/le-thiers-brillant\/"},"modified":"2019-09-02T13:58:19","modified_gmt":"2019-09-02T11:58:19","slug":"le-thiers-brillant","status":"publish","type":"product","link":"https:\/\/coutauvergne.com\/site\/produit\/le-thiers-brillant\/","title":{"rendered":"Coffret LE THIERS\u00ae Brillant"},"content":{"rendered":"<p style=\"text-align:justify;\">LE THIERS\u00ae par Jean Beauvoir est un monobloc en acier inoxydable lui permettant d&rsquo;\u00eatre adapt\u00e9 et tr\u00e8s r\u00e9sistant au passage en lave-vaisselle. Il est dot\u00e9 d&rsquo;une\u00a0<a href=\"http:\/\/coutauvergne.com\/content\/8-micro-denture-haute-performance\">Micro-denture Haute Performance<\/a> alliant tranchant exceptionnel et durabilit\u00e9.<br \/>Ces caract\u00e9ristiques en font un couteau particuli\u00e8rement appr\u00e9ci\u00e9 des professionnels de la restauration.<\/p>\n<p>Il existe en finition brillante, Manche Mat ou enti\u00e8rement Mate (exclusivit\u00e9 Cout&rsquo;Auvergne).<br \/>LE THIERS\u00ae Brillant vous est propos\u00e9 en coffret de 4 ou 6 couteaux.<\/p>\n<p>Longueur\u00a0: 23 cm.<br \/>Poids\u00a0: 82 grammes.<\/p>\n<p>\u00c9ligible pour le <a href=\"http:\/\/coutauvergne.com\/content\/7-reconditionnement\">Reconditionnement<\/a><\/p>\n<p>Con\u00e7u et Fabriqu\u00e9 \u00e0 Thiers. Emballage 100% recyclable, z\u00e9ro plastique. <\/p>\n","protected":false},"excerpt":{"rendered":"<p style=\"text-align:justify;\"><strong>LE THIERS\u00ae<\/strong> est un mod\u00e8le embl\u00e9matique de la coutellerie auvergnate. Ses lignes \u00e9pur\u00e9es, modernes et intemporelles (double vague) en font un couteau tr\u00e8s design. Il apportera <strong>tradition et modernit\u00e9<\/strong> \u00e0 votre table.<\/p>\n","protected":false},"featured_media":86,"comment_status":"open","ping_status":"closed","template":"","meta":[],"product_cat":[25],"product_tag":[34,30,29,33],"class_list":["post-90","product","type-product","status-publish","has-post-thumbnail","hentry","product_cat-les-couteaux-de-table","product_tag-brillant","product_tag-couteau","product_tag-table","product_tag-thiers"],"_links":{"self":[{"href":"https:\/\/coutauvergne.com\/site\/wp-json\/wp\/v2\/product\/90","targetHints":{"allow":["GET"]}}],"collection":[{"href":"https:\/\/coutauvergne.com\/site\/wp-json\/wp\/v2\/product"}],"about":[{"href":"https:\/\/coutauvergne.com\/site\/wp-json\/wp\/v2\/types\/product"}],"replies":[{"embeddable":true,"href":"https:\/\/coutauvergne.com\/site\/wp-json\/wp\/v2\/comments?post=90"}],"version-history":[{"count":0,"href":"https:\/\/coutauvergne.com\/site\/wp-json\/wp\/v2\/product\/90\/revisions"}],"wp:featuredmedia":[{"embeddable":true,"href":"https:\/\/coutauvergne.com\/site\/wp-json\/wp\/v2\/media\/86"}],"wp:attachment":[{"href":"https:\/\/coutauvergne.com\/site\/wp-json\/wp\/v2\/media?parent=90"}],"wp:term":[{"taxonomy":"product_cat","embeddable":true,"href":"https:\/\/coutauvergne.com\/site\/wp-json\/wp\/v2\/product_cat?post=90"},{"taxonomy":"product_tag","embeddable":true,"href":"https:\/\/coutauvergne.com\/site\/wp-json\/wp\/v2\/product_tag?post=90"}],"curies":[{"name":"wp","href":"https:\/\/api.w.org\/{rel}","templated":true}]}}