{"id":96,"date":"2019-09-02T15:21:53","date_gmt":"2019-09-02T13:21:53","guid":{"rendered":"https:\/\/coutauvergne.com\/site\/produit\/le-thiers-manche-mat\/"},"modified":"2019-09-02T15:21:53","modified_gmt":"2019-09-02T13:21:53","slug":"le-thiers-manche-mat","status":"publish","type":"product","link":"https:\/\/coutauvergne.com\/site\/produit\/le-thiers-manche-mat\/","title":{"rendered":"Coffret LE THIERS\u00ae Manche Mat"},"content":{"rendered":"<p>LE THIERS\u00ae par Jean Beauvoir est un monobloc en acier inoxydable lui permettant d&rsquo;\u00eatre adapt\u00e9 et tr\u00e8s r\u00e9sistant au passage en lave-vaisselle. Il est dot\u00e9 d&rsquo;une <a href=\"http:\/\/coutauvergne.com\/content\/8-micro-denture-haute-performance\"><strong>Micro-denture Haute Performance<\/strong><\/a> alliant tranchant exceptionnel et durabilit\u00e9.<\/p>\n<p>Il existe en finition brillante, Manche Mat ou enti\u00e8rement Mate (exclusivit\u00e9 Cout&rsquo;Auvergne).<br \/>LE THIERS\u00ae Manche Mat vous est propos\u00e9 en coffret de 4 ou 6 couteaux.<\/p>\n<p>Longueur\u00a0: 23 cm.<br \/>Poids\u00a0: 82 grammes.<\/p>\n<p>Con\u00e7u et Fabriqu\u00e9 \u00e0 Thiers. Emballage 100% recyclable, z\u00e9ro plastique.<\/p>\n","protected":false},"excerpt":{"rendered":"<p style=\"text-align:justify;\"><strong>LE THIERS\u00ae<\/strong> est un mod\u00e8le embl\u00e9matique de la coutellerie auvergnate. Ses lignes \u00e9pur\u00e9es, modernes et intemporelles (double vague) en font un couteau tr\u00e8s design. Il vous est propos\u00e9 dans cette d\u00e9clinaison avec la lame brillante et le manche mat qui sublime ce contraste entre le <strong>traditionnel<\/strong> brillant et le mat plus <strong>contemporain<\/strong>.<\/p>\n","protected":false},"featured_media":91,"comment_status":"open","ping_status":"closed","template":"","meta":[],"product_cat":[25],"product_tag":[30,35,36,31,33],"class_list":["post-96","product","type-product","status-publish","has-post-thumbnail","hentry","product_cat-les-couteaux-de-table","product_tag-couteau","product_tag-le-thiers","product_tag-manche-mat","product_tag-mat","product_tag-thiers"],"_links":{"self":[{"href":"https:\/\/coutauvergne.com\/site\/wp-json\/wp\/v2\/product\/96","targetHints":{"allow":["GET"]}}],"collection":[{"href":"https:\/\/coutauvergne.com\/site\/wp-json\/wp\/v2\/product"}],"about":[{"href":"https:\/\/coutauvergne.com\/site\/wp-json\/wp\/v2\/types\/product"}],"replies":[{"embeddable":true,"href":"https:\/\/coutauvergne.com\/site\/wp-json\/wp\/v2\/comments?post=96"}],"version-history":[{"count":0,"href":"https:\/\/coutauvergne.com\/site\/wp-json\/wp\/v2\/product\/96\/revisions"}],"wp:featuredmedia":[{"embeddable":true,"href":"https:\/\/coutauvergne.com\/site\/wp-json\/wp\/v2\/media\/91"}],"wp:attachment":[{"href":"https:\/\/coutauvergne.com\/site\/wp-json\/wp\/v2\/media?parent=96"}],"wp:term":[{"taxonomy":"product_cat","embeddable":true,"href":"https:\/\/coutauvergne.com\/site\/wp-json\/wp\/v2\/product_cat?post=96"},{"taxonomy":"product_tag","embeddable":true,"href":"https:\/\/coutauvergne.com\/site\/wp-json\/wp\/v2\/product_tag?post=96"}],"curies":[{"name":"wp","href":"https:\/\/api.w.org\/{rel}","templated":true}]}}